{"id":29,"date":"2021-05-06T06:53:10","date_gmt":"2021-05-06T06:53:10","guid":{"rendered":"https:\/\/munichiquimulilla.gob.gt\/elportal\/?page_id=29"},"modified":"2025-06-18T05:36:51","modified_gmt":"2025-06-18T05:36:51","slug":"inicio","status":"publish","type":"page","link":"https:\/\/munichiquimulilla.gob.gt\/elportal\/","title":{"rendered":"Inicio"},"content":{"rendered":"<section class=\"wpb-content-wrapper\">[vc_row][vc_column][vc_separator color=\u00bbvista_blue\u00bb]<style>.vcex-heading.vcex_69e8bbb6e3363{color:#ffeb3b;font-size:50px;font-family:Arial Black, Gadget, sans-serif;font-weight:900;}.vcex-heading.vcex_69e8bbb6e3363.vcex-heading:hover{color:#00bcd4;}@media (max-width:1024px){.vcex-heading.vcex_69e8bbb6e3363{font-size:50px;}}<\/style><h2 class=\"vcex-heading vcex-heading-plain vcex-module wpex-text-2xl wpex-font-normal wpex-m-auto wpex-max-w-100 wpex-block wpex-text-center vc_custom_1620387619095 vcex_69e8bbb6e3363\"><span class=\"vcex-heading-inner wpex-inline-block\">LA TIERRA DEL CANAL<\/span><\/h2>[vc_row_inner][vc_column_inner width=\u00bb1\/4&#8243;]<figure class=\"vcex-image vcex-module\"><div class=\"vcex-image-inner wpex-relative wpex-inline-block\"><img loading=\"lazy\" width=\"300\" height=\"200\" src=\"https:\/\/munichiquimulilla.gob.gt\/elportal\/wp-content\/uploads\/2025\/06\/IUSI.png\" class=\"vcex-image-img wpex-align-middle\" alt=\"\" loading=\"lazy\" decoding=\"async\" \/><\/div><\/figure>[\/vc_column_inner][vc_column_inner width=\u00bb1\/4&#8243;]<figure class=\"vcex-image vcex-module\"><div class=\"vcex-image-inner wpex-relative wpex-inline-block\"><img loading=\"lazy\" width=\"300\" height=\"200\" src=\"https:\/\/munichiquimulilla.gob.gt\/elportal\/wp-content\/uploads\/2025\/06\/AGUA.png\" class=\"vcex-image-img wpex-align-middle\" alt=\"\" loading=\"lazy\" decoding=\"async\" \/><\/div><\/figure>[\/vc_column_inner][vc_column_inner width=\u00bb1\/4&#8243;]<figure class=\"vcex-image vcex-module\"><div class=\"vcex-image-inner wpex-relative wpex-inline-block\"><img loading=\"lazy\" width=\"300\" height=\"200\" src=\"https:\/\/munichiquimulilla.gob.gt\/elportal\/wp-content\/uploads\/2025\/06\/PMT.png\" class=\"vcex-image-img wpex-align-middle\" alt=\"\" loading=\"lazy\" decoding=\"async\" \/><\/div><\/figure>[\/vc_column_inner][vc_column_inner width=\u00bb1\/4&#8243;]<figure class=\"vcex-image vcex-module\"><div class=\"vcex-image-inner wpex-relative wpex-inline-block\"><img loading=\"lazy\" width=\"300\" height=\"200\" src=\"https:\/\/munichiquimulilla.gob.gt\/elportal\/wp-content\/uploads\/2025\/06\/INFORMACION.png\" class=\"vcex-image-img wpex-align-middle\" alt=\"\" loading=\"lazy\" decoding=\"async\" \/><\/div><\/figure>[\/vc_column_inner][\/vc_row_inner]<div class=\"vcex-module vcex-image-banner wpex-flex wpex-flex-col wpex-justify-center wpex-relative wpex-overflow-hidden wpex-max-w-100 wpex-bg-gray-900 wpex-text-white wpex-hover-text-white wpex-text-center\"><span class=\"vcex-ib-img wpex-block wpex-transition-all wpex-duration-500 wpex-bg-cover wpex-absolute wpex-inset-0\" style=\"background-image:url(https:\/\/munichiquimulilla.gob.gt\/elportal\/wp-content\/uploads\/2025\/06\/FOTOMUSHQUE.jpg);\"><\/span><div class=\"vcex-ib-overlay wpex-absolute wpex-inset-0 wpex-transition-all wpex-duration-500\"><div class=\"vcex-ib-overlay-bg wpex-absolute wpex-inset-0 wpex-bg-black wpex-opacity-30\"><\/div><\/div><div class=\"vcex-ib-content-wrap wpex-w-100 wpex-transition-all wpex-duration-500 wpex-relative\"><div class=\"vcex-ib-content wpex-mx-auto\"><div class=\"vcex-ib-title wpex-heading wpex-inherit-color-important\">MUSHQUE<\/div><div class=\"vcex-ib-caption wpex-text-lg wpex-last-mb-0\">El Mushque como Patrimonio Cultural e Intangible del Municipio de Chiquimulilla, Santa Rosa,  celebr\u00e1ndose cada 12 de septiembre el festival del Mushque.  La gastronom\u00eda xinca es muy diversa, es por eso que uno de los platillos favoritos por los habitantes de Santa Rosa es el mushque, t\u00e9rmino que se derivar\u00eda de mushta, que en idioma xinca significa \u00abpanza\u00bb.<\/div><\/div><\/div><\/div><div class=\"vcex-module vcex-divider vcex-divider-solid wpex-my-5 wpex-max-w-100 wpex-mx-auto wpex-block wpex-h-0 wpex-border-b wpex-border-solid wpex-border-main\" style=\"border-color:#81d742;\"><\/div>[vc_row_inner][vc_column_inner width=\u00bb1\/3&#8243;][vc_raw_html]JTNDZGl2JTIwaWQlM0QlMjJmYi1yb290JTIyJTNFJTNDJTJGZGl2JTNFJTBEJTBBJTNDc2NyaXB0JTIwYXN5bmMlMjBkZWZlciUyMGNyb3Nzb3JpZ2luJTNEJTIyYW5vbnltb3VzJTIyJTIwc3JjJTNEJTIyaHR0cHMlM0ElMkYlMkZjb25uZWN0LmZhY2Vib29rLm5ldCUyRmVzX0VTJTJGc2RrLmpzJTIzeGZibWwlM0QxJTI2dmVyc2lvbiUzRHYyMy4wJTI2YXBwSWQlM0QyMTg3NjQ1NDUzMzYzMjklMjIlM0UlM0MlMkZzY3JpcHQlM0UlMEQlMEElMEQlMEElM0NkaXYlMjBjbGFzcyUzRCUyMmZiLXBhZ2UlMjIlMjBkYXRhLWhyZWYlM0QlMjJodHRwcyUzQSUyRiUyRnd3dy5mYWNlYm9vay5jb20lMkZwcm9maWxlLnBocCUzRmlkJTNEMTAwMDcwOTE4NjQzODIxJTI2YW1wJTNCc2slM0RwaG90b3NfYnklMjIlMjBkYXRhLXRhYnMlM0QlMjJ0aW1lbGluZSUyMiUyMGRhdGEtd2lkdGglM0QlMjIlMjIlMjBkYXRhLWhlaWdodCUzRCUyMiUyMiUyMGRhdGEtc21hbGwtaGVhZGVyJTNEJTIyZmFsc2UlMjIlMjBkYXRhLWFkYXB0LWNvbnRhaW5lci13aWR0aCUzRCUyMnRydWUlMjIlMjBkYXRhLWhpZGUtY292ZXIlM0QlMjJmYWxzZSUyMiUyMGRhdGEtc2hvdy1mYWNlcGlsZSUzRCUyMnRydWUlMjIlM0UlM0NibG9ja3F1b3RlJTIwY2l0ZSUzRCUyMmh0dHBzJTNBJTJGJTJGd3d3LmZhY2Vib29rLmNvbSUyRnByb2ZpbGUucGhwJTNGaWQlM0QxMDAwNzA5MTg2NDM4MjElMjZhbXAlM0JzayUzRHBob3Rvc19ieSUyMiUyMGNsYXNzJTNEJTIyZmIteGZibWwtcGFyc2UtaWdub3JlJTIyJTNFJTNDYSUyMGhyZWYlM0QlMjJodHRwcyUzQSUyRiUyRnd3dy5mYWNlYm9vay5jb20lMkZwcm9maWxlLnBocCUzRmlkJTNEMTAwMDcwOTE4NjQzODIxJTI2YW1wJTNCc2slM0RwaG90b3NfYnklMjIlM0VNdW5pY2lwYWxpZGFkJTIwZGUlMjBDaGlxdWltdWxpbGxhJTNDJTJGYSUzRSUzQyUyRmJsb2NrcXVvdGUlM0UlM0MlMkZkaXYlM0U=[\/vc_raw_html][\/vc_column_inner][vc_column_inner width=\u00bb1\/3&#8243;][vc_gmaps link=\u00bb#E-8_JTNDaWZyYW1lJTIwc3JjJTNEJTIyaHR0cHMlM0ElMkYlMkZ3d3cuZ29vZ2xlLmNvbSUyRm1hcHMlMkZlbWJlZCUzRnBiJTNEJTIxMW0xOCUyMTFtMTIlMjExbTMlMjExZDM4NjkuODE4MjAyNjU3MjI1JTIxMmQtOTAuMzgyODE3NjI0NDcxODMlMjEzZDE0LjA4NzkwNjY4OTQyMjI5JTIxMm0zJTIxMWYwJTIxMmYwJTIxM2YwJTIxM20yJTIxMWkxMDI0JTIxMmk3NjglMjE0ZjEzLjElMjEzbTMlMjExbTIlMjExczB4ODU4ODQ1ZTRhZGViZjU3NyUyNTNBMHg4MzZlZjg0Mjc1YWY1N2JlJTIxMnMzSlE5JTI1MkI0WEYlMjUyME11bmljaXBhbGlkYWQlMjUyMGRlJTI1MjBDaGlxdWltdWxpbGxhJTI1MkMlMjUyMEF2ZW5pZGElMjUyMFByaW5jaXBhbCUyNTJDJTI1MjBDaGlxdWltdWxpbGxhJTI1MjAwNjAwOCUyMTVlMCUyMTNtMiUyMTFzZXMlMjEyc2d0JTIxNHYxNzUwMjI0NDY2Nzg3JTIxNW0yJTIxMXNlcyUyMTJzZ3QlMjIlMjB3aWR0aCUzRCUyMjYwMCUyMiUyMGhlaWdodCUzRCUyMjQ1MCUyMiUyMGZyYW1lYm9yZGVyJTNEJTIyMCUyMiUyMHN0eWxlJTNEJTIyYm9yZGVyJTNBMCUyMiUyMGFsbG93ZnVsbHNjcmVlbiUzRSUzQyUyRmlmcmFtZSUzRQ==\u00bb][\/vc_column_inner][vc_column_inner width=\u00bb1\/3&#8243;][\/vc_column_inner][\/vc_row_inner][\/vc_column][\/vc_row]\n<\/section>","protected":false},"excerpt":{"rendered":"<p>[vc_row][vc_column][vc_separator color=\u00bbvista_blue\u00bb][vc_row_inner][vc_column_inner width=\u00bb1\/4&#8243;][\/vc_column_inner][vc_column_inner width=\u00bb1\/4&#8243;][\/vc_column_inner][vc_column_inner width=\u00bb1\/4&#8243;][\/vc_column_inner][vc_column_inner width=\u00bb1\/4&#8243;][\/vc_column_inner][\/vc_row_inner][vc_row_inner][vc_column_inner width=\u00bb1\/3&#8243;][vc_raw_html]JTNDZGl2JTIwaWQlM0QlMjJmYi1yb290JTIyJTNFJTNDJTJGZGl2JTNFJTBEJTBBJTNDc2NyaXB0JTIwYXN5bmMlMjBkZWZlciUyMGNyb3Nzb3JpZ2luJTNEJTIyYW5vbnltb3VzJTIyJTIwc3JjJTNEJTIyaHR0cHMlM0ElMkYlMkZjb25uZWN0LmZhY2Vib29rLm5ldCUyRmVzX0VTJTJGc2RrLmpzJTIzeGZibWwlM0QxJTI2dmVyc2lvbiUzRHYyMy4wJTI2YXBwSWQlM0QyMTg3NjQ1NDUzMzYzMjklMjIlM0UlM0MlMkZzY3JpcHQlM0UlMEQlMEElMEQlMEElM0NkaXYlMjBjbGFzcyUzRCUyMmZiLXBhZ2UlMjIlMjBkYXRhLWhyZWYlM0QlMjJodHRwcyUzQSUyRiUyRnd3dy5mYWNlYm9vay5jb20lMkZwcm9maWxlLnBocCUzRmlkJTNEMTAwMDcwOTE4NjQzODIxJTI2YW1wJTNCc2slM0RwaG90b3NfYnklMjIlMjBkYXRhLXRhYnMlM0QlMjJ0aW1lbGluZSUyMiUyMGRhdGEtd2lkdGglM0QlMjIlMjIlMjBkYXRhLWhlaWdodCUzRCUyMiUyMiUyMGRhdGEtc21hbGwtaGVhZGVyJTNEJTIyZmFsc2UlMjIlMjBkYXRhLWFkYXB0LWNvbnRhaW5lci13aWR0aCUzRCUyMnRydWUlMjIlMjBkYXRhLWhpZGUtY292ZXIlM0QlMjJmYWxzZSUyMiUyMGRhdGEtc2hvdy1mYWNlcGlsZSUzRCUyMnRydWUlMjIlM0UlM0NibG9ja3F1b3RlJTIwY2l0ZSUzRCUyMmh0dHBzJTNBJTJGJTJGd3d3LmZhY2Vib29rLmNvbSUyRnByb2ZpbGUucGhwJTNGaWQlM0QxMDAwNzA5MTg2NDM4MjElMjZhbXAlM0JzayUzRHBob3Rvc19ieSUyMiUyMGNsYXNzJTNEJTIyZmIteGZibWwtcGFyc2UtaWdub3JlJTIyJTNFJTNDYSUyMGhyZWYlM0QlMjJodHRwcyUzQSUyRiUyRnd3dy5mYWNlYm9vay5jb20lMkZwcm9maWxlLnBocCUzRmlkJTNEMTAwMDcwOTE4NjQzODIxJTI2YW1wJTNCc2slM0RwaG90b3NfYnklMjIlM0VNdW5pY2lwYWxpZGFkJTIwZGUlMjBDaGlxdWltdWxpbGxhJTNDJTJGYSUzRSUzQyUyRmJsb2NrcXVvdGUlM0UlM0MlMkZkaXYlM0U=[\/vc_raw_html][\/vc_column_inner][vc_column_inner width=\u00bb1\/3&#8243;][vc_gmaps link=\u00bb#E-8_JTNDaWZyYW1lJTIwc3JjJTNEJTIyaHR0cHMlM0ElMkYlMkZ3d3cuZ29vZ2xlLmNvbSUyRm1hcHMlMkZlbWJlZCUzRnBiJTNEJTIxMW0xOCUyMTFtMTIlMjExbTMlMjExZDM4NjkuODE4MjAyNjU3MjI1JTIxMmQtOTAuMzgyODE3NjI0NDcxODMlMjEzZDE0LjA4NzkwNjY4OTQyMjI5JTIxMm0zJTIxMWYwJTIxMmYwJTIxM2YwJTIxM20yJTIxMWkxMDI0JTIxMmk3NjglMjE0ZjEzLjElMjEzbTMlMjExbTIlMjExczB4ODU4ODQ1ZTRhZGViZjU3NyUyNTNBMHg4MzZlZjg0Mjc1YWY1N2JlJTIxMnMzSlE5JTI1MkI0WEYlMjUyME11bmljaXBhbGlkYWQlMjUyMGRlJTI1MjBDaGlxdWltdWxpbGxhJTI1MkMlMjUyMEF2ZW5pZGElMjUyMFByaW5jaXBhbCUyNTJDJTI1MjBDaGlxdWltdWxpbGxhJTI1MjAwNjAwOCUyMTVlMCUyMTNtMiUyMTFzZXMlMjEyc2d0JTIxNHYxNzUwMjI0NDY2Nzg3JTIxNW0yJTIxMXNlcyUyMTJzZ3QlMjIlMjB3aWR0aCUzRCUyMjYwMCUyMiUyMGhlaWdodCUzRCUyMjQ1MCUyMiUyMGZyYW1lYm9yZGVyJTNEJTIyMCUyMiUyMHN0eWxlJTNEJTIyYm9yZGVyJTNBMCUyMiUyMGFsbG93ZnVsbHNjcmVlbiUzRSUzQyUyRmlmcmFtZSUzRQ==\u00bb][\/vc_column_inner][vc_column_inner width=\u00bb1\/3&#8243;][\/vc_column_inner][\/vc_row_inner][\/vc_column][\/vc_row]<\/p>\n","protected":false},"author":1,"featured_media":0,"parent":0,"menu_order":0,"comment_status":"closed","ping_status":"closed","template":"","meta":{"_themeisle_gutenberg_block_has_review":false,"footnotes":""},"class_list":["post-29","page","type-page","status-publish","hentry","entry","no-media"],"_links":{"self":[{"href":"https:\/\/munichiquimulilla.gob.gt\/elportal\/wp-json\/wp\/v2\/pages\/29","targetHints":{"allow":["GET"]}}],"collection":[{"href":"https:\/\/munichiquimulilla.gob.gt\/elportal\/wp-json\/wp\/v2\/pages"}],"about":[{"href":"https:\/\/munichiquimulilla.gob.gt\/elportal\/wp-json\/wp\/v2\/types\/page"}],"author":[{"embeddable":true,"href":"https:\/\/munichiquimulilla.gob.gt\/elportal\/wp-json\/wp\/v2\/users\/1"}],"replies":[{"embeddable":true,"href":"https:\/\/munichiquimulilla.gob.gt\/elportal\/wp-json\/wp\/v2\/comments?post=29"}],"version-history":[{"count":20,"href":"https:\/\/munichiquimulilla.gob.gt\/elportal\/wp-json\/wp\/v2\/pages\/29\/revisions"}],"predecessor-version":[{"id":1570,"href":"https:\/\/munichiquimulilla.gob.gt\/elportal\/wp-json\/wp\/v2\/pages\/29\/revisions\/1570"}],"wp:attachment":[{"href":"https:\/\/munichiquimulilla.gob.gt\/elportal\/wp-json\/wp\/v2\/media?parent=29"}],"curies":[{"name":"wp","href":"https:\/\/api.w.org\/{rel}","templated":true}]}}