{"id":704,"date":"2022-05-01T00:14:19","date_gmt":"2022-05-01T00:14:19","guid":{"rendered":"https:\/\/munichiquimulilla.gob.gt\/elportal\/?page_id=704"},"modified":"2023-05-05T19:39:34","modified_gmt":"2023-05-05T19:39:34","slug":"sinacig","status":"publish","type":"page","link":"https:\/\/munichiquimulilla.gob.gt\/elportal\/sinacig\/","title":{"rendered":"SINACIG"},"content":{"rendered":"<section class=\"wpb-content-wrapper\">[vc_row][vc_column]<figure class=\"vcex-image vcex-module textcenter\"><div class=\"vcex-image-inner wpex-relative wpex-inline-block\"><img loading=\"lazy\" width=\"1155\" height=\"382\" src=\"https:\/\/munichiquimulilla.gob.gt\/elportal\/wp-content\/uploads\/2022\/05\/PORTADA-SINACIG-julio-02.jpg\" class=\"vcex-image-img wpex-align-middle\" alt=\"\" loading=\"lazy\" decoding=\"async\" srcset=\"https:\/\/munichiquimulilla.gob.gt\/elportal\/wp-content\/uploads\/2022\/05\/PORTADA-SINACIG-julio-02.jpg 1155w, https:\/\/munichiquimulilla.gob.gt\/elportal\/wp-content\/uploads\/2022\/05\/PORTADA-SINACIG-julio-02-1024x339.jpg 1024w, https:\/\/munichiquimulilla.gob.gt\/elportal\/wp-content\/uploads\/2022\/05\/PORTADA-SINACIG-julio-02-768x254.jpg 768w\" sizes=\"auto, (max-width: 1155px) 100vw, 1155px\" \/><\/div><\/figure><div class=\"vcex-page-title vcex-module SINACIG\"><h1 class=\"vcex-page-title__heading wpex-heading wpex-text-3xl\"><span class=\"vcex-page-title__text\">SINACIG<\/span><\/h1><\/div><style>.vcex-heading.vcex_6a05e9dd8c644{color:#ffeb3b;font-size:25px;}.vcex-heading.vcex_6a05e9dd8c644.vcex-heading:hover{color:#ffc107;}@media (max-width:1024px){.vcex-heading.vcex_6a05e9dd8c644{font-size:25px;}}@media (max-width:959px){.vcex-heading.vcex_6a05e9dd8c644{font-size:10px;}}@media (max-width:767px){.vcex-heading.vcex_6a05e9dd8c644{font-size:15px;}}@media (max-width:479px){.vcex-heading.vcex_6a05e9dd8c644{font-size:15px;}}<\/style><h5 class=\"vcex-heading vcex-heading-plain vcex-module wpex-text-2xl wpex-font-normal wpex-m-auto wpex-max-w-100 wpex-block wpex-text-center vc_custom_1651364907926 vcex_6a05e9dd8c644\"><span class=\"vcex-heading-inner wpex-inline-block\">NORMATIVA SINACIG<\/span><\/h5><style>.vcex-list_item.vcex_6a05e9dd8d216{font-size:30px;color:#ffeb3b;}.vcex-list_item.vcex_6a05e9dd8d216 .vcex-list-item-icon-inner{font-size:15px;}@media (max-width:1024px){.vcex-list_item.vcex_6a05e9dd8d216{font-size:30px;}}@media (max-width:959px){.vcex-list_item.vcex_6a05e9dd8d216{font-size:30px;}}@media (max-width:767px){.vcex-list_item.vcex_6a05e9dd8d216{font-size:15px;}}@media (max-width:479px){.vcex-list_item.vcex_6a05e9dd8d216{font-size:15px;}}<\/style><div class=\"vcex-list_item vcex-module wpex-m-0 wpex-max-w-100 wpex-mb-5 vcex_6a05e9dd8d216\"><a  href=\"https:\/\/munichiquimulilla.gob.gt\/elportal\/wp-content\/uploads\/2022\/05\/NORMATIVA2.pdf\" title=\"1. NORMATIVA\" target=\"_blank\" rel=\"noopener noreferrer\" class=\"vcex-list-item-link wpex-no-underline wpex-inherit-color\"><div class=\"vcex-list-item-inner wpex-inline-flex wpex-flex-no-wrap\"><div class=\"vcex-list-item-icon wpex-mr-10\"><div class=\"vcex-list-item-icon-inner vcex-icon-wrap wpex-inline-flex wpex-justify-center wpex-items-center wpex-leading-none wpex-child-inherit-color\"><span aria-hidden=\"true\" class=\"vc_pixel_icon vc_pixel_icon-hammer\"><\/span><\/div><\/div><div class=\"vcex-list-item-text vcex-content wpex-flex-grow\">Normativa 2022<\/div><\/div><\/a><\/div><style>.vcex-list_item.vcex_6a05e9dd8d7fe{font-size:30px;color:#ffeb3b;}.vcex-list_item.vcex_6a05e9dd8d7fe .vcex-list-item-icon-inner{font-size:15px;}@media (max-width:1024px){.vcex-list_item.vcex_6a05e9dd8d7fe{font-size:30px;}}@media (max-width:959px){.vcex-list_item.vcex_6a05e9dd8d7fe{font-size:30px;}}@media (max-width:767px){.vcex-list_item.vcex_6a05e9dd8d7fe{font-size:15px;}}@media (max-width:479px){.vcex-list_item.vcex_6a05e9dd8d7fe{font-size:15px;}}<\/style><div class=\"vcex-list_item vcex-module wpex-m-0 wpex-max-w-100 wpex-mb-5 vcex_6a05e9dd8d7fe\"><a  href=\"https:\/\/munichiquimulilla.gob.gt\/elportal\/wp-content\/uploads\/2023\/05\/SINA2.pdf\" title=\"1. NORMATIVA\" target=\"_blank\" rel=\"noopener noreferrer\" class=\"vcex-list-item-link wpex-no-underline wpex-inherit-color\"><div class=\"vcex-list-item-inner wpex-inline-flex wpex-flex-no-wrap\"><div class=\"vcex-list-item-icon wpex-mr-10\"><div class=\"vcex-list-item-icon-inner vcex-icon-wrap wpex-inline-flex wpex-justify-center wpex-items-center wpex-leading-none wpex-child-inherit-color\"><span aria-hidden=\"true\" class=\"vc_pixel_icon vc_pixel_icon-hammer\"><\/span><\/div><\/div><div class=\"vcex-list-item-text vcex-content wpex-flex-grow\">Normativa 2023<\/div><\/div><\/a><\/div><style>.vcex-heading.vcex_6a05e9dd8de7c{color:#ffeb3b;font-size:25px;}.vcex-heading.vcex_6a05e9dd8de7c.vcex-heading:hover{color:#ffc107;}@media (max-width:1024px){.vcex-heading.vcex_6a05e9dd8de7c{font-size:25px;}}@media (max-width:959px){.vcex-heading.vcex_6a05e9dd8de7c{font-size:10px;}}@media (max-width:767px){.vcex-heading.vcex_6a05e9dd8de7c{font-size:15px;}}@media (max-width:479px){.vcex-heading.vcex_6a05e9dd8de7c{font-size:15px;}}<\/style><h5 class=\"vcex-heading vcex-heading-plain vcex-module wpex-text-2xl wpex-font-normal wpex-m-auto wpex-max-w-100 wpex-block wpex-text-center vc_custom_1651366681008 vcex_6a05e9dd8de7c\"><span class=\"vcex-heading-inner wpex-inline-block\">MATRIZ DE EVALUACI\u00d3N<\/span><\/h5><style>.vcex-list_item.vcex_6a05e9dd8e449{font-size:30px;color:#ffeb3b;}.vcex-list_item.vcex_6a05e9dd8e449 .vcex-list-item-icon-inner{font-size:15px;}@media (max-width:1024px){.vcex-list_item.vcex_6a05e9dd8e449{font-size:30px;}}@media (max-width:959px){.vcex-list_item.vcex_6a05e9dd8e449{font-size:30px;}}@media (max-width:767px){.vcex-list_item.vcex_6a05e9dd8e449{font-size:15px;}}@media (max-width:479px){.vcex-list_item.vcex_6a05e9dd8e449{font-size:15px;}}<\/style><div class=\"vcex-list_item vcex-module wpex-m-0 wpex-max-w-100 wpex-mb-5 vcex_6a05e9dd8e449\"><a  href=\"https:\/\/munichiquimulilla.gob.gt\/elportal\/wp-content\/uploads\/2022\/05\/MATRIZ-DE-EVALUACION.pdf\" title=\"Matriz de evaluaci\u00f3n 2022\" target=\"_blank\" rel=\"noopener noreferrer\" class=\"vcex-list-item-link wpex-no-underline wpex-inherit-color\"><div class=\"vcex-list-item-inner wpex-inline-flex wpex-flex-no-wrap\"><div class=\"vcex-list-item-icon wpex-mr-10\"><div class=\"vcex-list-item-icon-inner vcex-icon-wrap wpex-inline-flex wpex-justify-center wpex-items-center wpex-leading-none wpex-child-inherit-color\"><span aria-hidden=\"true\" class=\"vc_pixel_icon vc_pixel_icon-chart_pie\"><\/span><\/div><\/div><div class=\"vcex-list-item-text vcex-content wpex-flex-grow\">Matriz de evaluaci\u00f3n 2022<\/div><\/div><\/a><\/div><style>.vcex-list_item.vcex_6a05e9dd8e9e6{font-size:30px;color:#ffeb3b;}.vcex-list_item.vcex_6a05e9dd8e9e6 .vcex-list-item-icon-inner{font-size:15px;}@media (max-width:1024px){.vcex-list_item.vcex_6a05e9dd8e9e6{font-size:30px;}}@media (max-width:959px){.vcex-list_item.vcex_6a05e9dd8e9e6{font-size:30px;}}@media (max-width:767px){.vcex-list_item.vcex_6a05e9dd8e9e6{font-size:15px;}}@media (max-width:479px){.vcex-list_item.vcex_6a05e9dd8e9e6{font-size:15px;}}<\/style><div class=\"vcex-list_item vcex-module wpex-m-0 wpex-max-w-100 wpex-mb-5 vcex_6a05e9dd8e9e6\"><a  href=\"https:\/\/munichiquimulilla.gob.gt\/elportal\/wp-content\/uploads\/2023\/05\/1.MATRICES-MUNICIPALIDAD-DE-CHIQUI-2023-1.pdf\" title=\"Matriz de evaluaci\u00f3n 2022\" target=\"_blank\" rel=\"noopener noreferrer\" class=\"vcex-list-item-link wpex-no-underline wpex-inherit-color\"><div class=\"vcex-list-item-inner wpex-inline-flex wpex-flex-no-wrap\"><div class=\"vcex-list-item-icon wpex-mr-10\"><div class=\"vcex-list-item-icon-inner vcex-icon-wrap wpex-inline-flex wpex-justify-center wpex-items-center wpex-leading-none wpex-child-inherit-color\"><span aria-hidden=\"true\" class=\"vc_pixel_icon vc_pixel_icon-chart_pie\"><\/span><\/div><\/div><div class=\"vcex-list-item-text vcex-content wpex-flex-grow\">Matriz de evaluaci\u00f3n 2023<\/div><\/div><\/a><\/div><style>.vcex-heading.vcex_6a05e9dd8f078{color:#ffeb3b;font-size:25px;}.vcex-heading.vcex_6a05e9dd8f078.vcex-heading:hover{color:#ffc107;}@media (max-width:1024px){.vcex-heading.vcex_6a05e9dd8f078{font-size:25px;}}@media (max-width:959px){.vcex-heading.vcex_6a05e9dd8f078{font-size:10px;}}@media (max-width:767px){.vcex-heading.vcex_6a05e9dd8f078{font-size:15px;}}@media (max-width:479px){.vcex-heading.vcex_6a05e9dd8f078{font-size:15px;}}<\/style><h5 class=\"vcex-heading vcex-heading-plain vcex-module wpex-text-2xl wpex-font-normal wpex-m-auto wpex-max-w-100 wpex-block wpex-text-center vc_custom_1651367019522 vcex_6a05e9dd8f078\"><span class=\"vcex-heading-inner wpex-inline-block\">MAPA DE RIESGO<\/span><\/h5><style>.vcex-list_item.vcex_6a05e9dd8f601{font-size:30px;color:#ffeb3b;}.vcex-list_item.vcex_6a05e9dd8f601 .vcex-list-item-icon-inner{font-size:15px;}@media (max-width:1024px){.vcex-list_item.vcex_6a05e9dd8f601{font-size:30px;}}@media (max-width:959px){.vcex-list_item.vcex_6a05e9dd8f601{font-size:30px;}}@media (max-width:767px){.vcex-list_item.vcex_6a05e9dd8f601{font-size:15px;}}@media (max-width:479px){.vcex-list_item.vcex_6a05e9dd8f601{font-size:15px;}}<\/style><div class=\"vcex-list_item vcex-module wpex-m-0 wpex-max-w-100 wpex-mb-5 vcex_6a05e9dd8f601\"><a  href=\"https:\/\/munichiquimulilla.gob.gt\/elportal\/wp-content\/uploads\/2022\/05\/MAPA-DE-RIESGO.pdf\" title=\"Mapa de Riesgos 2022\" target=\"_blank\" rel=\"noopener noreferrer\" class=\"vcex-list-item-link wpex-no-underline wpex-inherit-color\"><div class=\"vcex-list-item-inner wpex-inline-flex wpex-flex-no-wrap\"><div class=\"vcex-list-item-icon wpex-mr-10\"><div class=\"vcex-list-item-icon-inner vcex-icon-wrap wpex-inline-flex wpex-justify-center wpex-items-center wpex-leading-none wpex-child-inherit-color\"><span aria-hidden=\"true\" class=\"vc_pixel_icon vc_pixel_icon-chart\"><\/span><\/div><\/div><div class=\"vcex-list-item-text vcex-content wpex-flex-grow\">Mapa de riesgos 2022<\/div><\/div><\/a><\/div><style>.vcex-list_item.vcex_6a05e9dd8fb90{font-size:30px;color:#ffeb3b;}.vcex-list_item.vcex_6a05e9dd8fb90 .vcex-list-item-icon-inner{font-size:15px;}@media (max-width:1024px){.vcex-list_item.vcex_6a05e9dd8fb90{font-size:30px;}}@media (max-width:959px){.vcex-list_item.vcex_6a05e9dd8fb90{font-size:30px;}}@media (max-width:767px){.vcex-list_item.vcex_6a05e9dd8fb90{font-size:15px;}}@media (max-width:479px){.vcex-list_item.vcex_6a05e9dd8fb90{font-size:15px;}}<\/style><div class=\"vcex-list_item vcex-module wpex-m-0 wpex-max-w-100 wpex-mb-5 vcex_6a05e9dd8fb90\"><a  href=\"https:\/\/munichiquimulilla.gob.gt\/elportal\/wp-content\/uploads\/2023\/05\/mapaderiesgo.pdf\" title=\"Mapa de Riesgos 2022\" target=\"_blank\" rel=\"noopener noreferrer\" class=\"vcex-list-item-link wpex-no-underline wpex-inherit-color\"><div class=\"vcex-list-item-inner wpex-inline-flex wpex-flex-no-wrap\"><div class=\"vcex-list-item-icon wpex-mr-10\"><div class=\"vcex-list-item-icon-inner vcex-icon-wrap wpex-inline-flex wpex-justify-center wpex-items-center wpex-leading-none wpex-child-inherit-color\"><span aria-hidden=\"true\" class=\"vc_pixel_icon vc_pixel_icon-chart\"><\/span><\/div><\/div><div class=\"vcex-list-item-text vcex-content wpex-flex-grow\">Mapa de riesgos 2023<\/div><\/div><\/a><\/div><style>.vcex-heading.vcex_6a05e9dd901f1{color:#ffeb3b;font-size:25px;}.vcex-heading.vcex_6a05e9dd901f1.vcex-heading:hover{color:#ffc107;}@media (max-width:1024px){.vcex-heading.vcex_6a05e9dd901f1{font-size:25px;}}@media (max-width:959px){.vcex-heading.vcex_6a05e9dd901f1{font-size:10px;}}@media (max-width:767px){.vcex-heading.vcex_6a05e9dd901f1{font-size:15px;}}@media (max-width:479px){.vcex-heading.vcex_6a05e9dd901f1{font-size:15px;}}<\/style><h5 class=\"vcex-heading vcex-heading-plain vcex-module wpex-text-2xl wpex-font-normal wpex-m-auto wpex-max-w-100 wpex-block wpex-text-center vc_custom_1651369223244 vcex_6a05e9dd901f1\"><span class=\"vcex-heading-inner wpex-inline-block\">PLAN DE TRABAJO<\/span><\/h5><style>.vcex-list_item.vcex_6a05e9dd907a5{font-size:30px;color:#ffeb3b;}.vcex-list_item.vcex_6a05e9dd907a5 .vcex-list-item-icon-inner{font-size:15px;}@media (max-width:1024px){.vcex-list_item.vcex_6a05e9dd907a5{font-size:30px;}}@media (max-width:959px){.vcex-list_item.vcex_6a05e9dd907a5{font-size:30px;}}@media (max-width:767px){.vcex-list_item.vcex_6a05e9dd907a5{font-size:15px;}}@media (max-width:479px){.vcex-list_item.vcex_6a05e9dd907a5{font-size:15px;}}<\/style><div class=\"vcex-list_item vcex-module wpex-m-0 wpex-max-w-100 wpex-mb-5 vcex_6a05e9dd907a5\"><a  href=\"https:\/\/munichiquimulilla.gob.gt\/elportal\/wp-content\/uploads\/2022\/05\/PLAN-DE-TRABAJO-EN-AVALUACION-DE-RIESGO.pdf\" title=\"Plan de Trabajo 2022\" target=\"_blank\" rel=\"noopener noreferrer\" class=\"vcex-list-item-link wpex-no-underline wpex-inherit-color\"><div class=\"vcex-list-item-inner wpex-inline-flex wpex-flex-no-wrap\"><div class=\"vcex-list-item-icon wpex-mr-10\"><div class=\"vcex-list-item-icon-inner vcex-icon-wrap wpex-inline-flex wpex-justify-center wpex-items-center wpex-leading-none wpex-child-inherit-color\"><span aria-hidden=\"true\" class=\"vc_pixel_icon vc_pixel_icon-document_excel\"><\/span><\/div><\/div><div class=\"vcex-list-item-text vcex-content wpex-flex-grow\">Plan de trabajo 2022<\/div><\/div><\/a><\/div><style>.vcex-list_item.vcex_6a05e9dd90d97{font-size:30px;color:#ffeb3b;}.vcex-list_item.vcex_6a05e9dd90d97 .vcex-list-item-icon-inner{font-size:15px;}@media (max-width:1024px){.vcex-list_item.vcex_6a05e9dd90d97{font-size:30px;}}@media (max-width:959px){.vcex-list_item.vcex_6a05e9dd90d97{font-size:30px;}}@media (max-width:767px){.vcex-list_item.vcex_6a05e9dd90d97{font-size:15px;}}@media (max-width:479px){.vcex-list_item.vcex_6a05e9dd90d97{font-size:15px;}}<\/style><div class=\"vcex-list_item vcex-module wpex-m-0 wpex-max-w-100 wpex-mb-5 vcex_6a05e9dd90d97\"><a  href=\"https:\/\/munichiquimulilla.gob.gt\/elportal\/wp-content\/uploads\/2023\/05\/PLAN-DE-TRABAJO-DE-EVALUACION-DE-RIESGOS.pdf\" title=\"Plan de Trabajo 2023\" target=\"_blank\" rel=\"noopener noreferrer\" class=\"vcex-list-item-link wpex-no-underline wpex-inherit-color\"><div class=\"vcex-list-item-inner wpex-inline-flex wpex-flex-no-wrap\"><div class=\"vcex-list-item-icon wpex-mr-10\"><div class=\"vcex-list-item-icon-inner vcex-icon-wrap wpex-inline-flex wpex-justify-center wpex-items-center wpex-leading-none wpex-child-inherit-color\"><span aria-hidden=\"true\" class=\"vc_pixel_icon vc_pixel_icon-document_excel\"><\/span><\/div><\/div><div class=\"vcex-list-item-text vcex-content wpex-flex-grow\">Plan de trabajo 2023<\/div><\/div><\/a><\/div><style>.vcex-heading.vcex_6a05e9dd91423{color:#ffeb3b;font-size:25px;}.vcex-heading.vcex_6a05e9dd91423.vcex-heading:hover{color:#ffc107;}@media (max-width:1024px){.vcex-heading.vcex_6a05e9dd91423{font-size:25px;}}@media (max-width:959px){.vcex-heading.vcex_6a05e9dd91423{font-size:10px;}}@media (max-width:767px){.vcex-heading.vcex_6a05e9dd91423{font-size:15px;}}@media (max-width:479px){.vcex-heading.vcex_6a05e9dd91423{font-size:15px;}}<\/style><h5 class=\"vcex-heading vcex-heading-plain vcex-module wpex-text-2xl wpex-font-normal wpex-m-auto wpex-max-w-100 wpex-block wpex-text-center vc_custom_1651368952286 vcex_6a05e9dd91423\"><span class=\"vcex-heading-inner wpex-inline-block\">INFORME SINACIG<\/span><\/h5><style>.vcex-list_item.vcex_6a05e9dd9199e{font-size:30px;color:#ffeb3b;}.vcex-list_item.vcex_6a05e9dd9199e .vcex-list-item-icon-inner{font-size:15px;}@media (max-width:1024px){.vcex-list_item.vcex_6a05e9dd9199e{font-size:30px;}}@media (max-width:959px){.vcex-list_item.vcex_6a05e9dd9199e{font-size:30px;}}@media (max-width:767px){.vcex-list_item.vcex_6a05e9dd9199e{font-size:15px;}}@media (max-width:479px){.vcex-list_item.vcex_6a05e9dd9199e{font-size:15px;}}<\/style><div class=\"vcex-list_item vcex-module wpex-m-0 wpex-max-w-100 wpex-mb-5 vcex_6a05e9dd9199e\"><a  href=\"https:\/\/munichiquimulilla.gob.gt\/elportal\/wp-content\/uploads\/2023\/05\/INFORME-ANUAL-DE-CONTROL-INTERNO-2022.pdf\" title=\"Informe SINACIG 2022\" target=\"_blank\" rel=\"noopener noreferrer\" class=\"vcex-list-item-link wpex-no-underline wpex-inherit-color\"><div class=\"vcex-list-item-inner wpex-inline-flex wpex-flex-no-wrap\"><div class=\"vcex-list-item-icon wpex-mr-10\"><div class=\"vcex-list-item-icon-inner vcex-icon-wrap wpex-inline-flex wpex-justify-center wpex-items-center wpex-leading-none wpex-child-inherit-color\"><span aria-hidden=\"true\" class=\"vc_pixel_icon vc_pixel_icon-application_image\"><\/span><\/div><\/div><div class=\"vcex-list-item-text vcex-content wpex-flex-grow\">Informe SINACIG 2023<\/div><\/div><\/a><\/div><style>.vcex-list_item.vcex_6a05e9dd91f40{font-size:30px;color:#ffeb3b;}.vcex-list_item.vcex_6a05e9dd91f40 .vcex-list-item-icon-inner{font-size:15px;}@media (max-width:1024px){.vcex-list_item.vcex_6a05e9dd91f40{font-size:30px;}}@media (max-width:959px){.vcex-list_item.vcex_6a05e9dd91f40{font-size:30px;}}@media (max-width:767px){.vcex-list_item.vcex_6a05e9dd91f40{font-size:15px;}}@media (max-width:479px){.vcex-list_item.vcex_6a05e9dd91f40{font-size:15px;}}<\/style><div class=\"vcex-list_item vcex-module wpex-m-0 wpex-max-w-100 wpex-mb-5 vcex_6a05e9dd91f40\"><a  href=\"https:\/\/munichiquimulilla.gob.gt\/elportal\/wp-content\/uploads\/2022\/05\/INFORME-ANUAL-DE-CONTROL-INTERNO.pdf\" title=\"Informe SINACIG 2022\" target=\"_blank\" rel=\"noopener noreferrer\" class=\"vcex-list-item-link wpex-no-underline wpex-inherit-color\"><div class=\"vcex-list-item-inner wpex-inline-flex wpex-flex-no-wrap\"><div class=\"vcex-list-item-icon wpex-mr-10\"><div class=\"vcex-list-item-icon-inner vcex-icon-wrap wpex-inline-flex wpex-justify-center wpex-items-center wpex-leading-none wpex-child-inherit-color\"><span aria-hidden=\"true\" class=\"vc_pixel_icon vc_pixel_icon-application_image\"><\/span><\/div><\/div><div class=\"vcex-list-item-text vcex-content wpex-flex-grow\">Informe SINACIG 2022<\/div><\/div><\/a><\/div><div class=\"vcex-callout vcex-module wpex-boxed\"><div class=\"vcex-callout-caption wpex-text-md wpex-last-mb-0 wpex-clr\"><p>El Sistema Nacional de Control Interno Gubernamental -SINACIG- es el conjunto de objetivos, responsabilidades, componentes y normas de control interno emitidas por las entidades sujetas a fiscalizaci\u00f3n, para asegurar el cumplimiento de los objetivos fundamentales institucionales.<\/p>\n<p>Contempla el dise\u00f1o de los procesos din\u00e1micos de control interno de las entidades, ejecutados por la m\u00e1xima autoridad, equipo de direcci\u00f3n y servidores p\u00fablicos, para alcanzar objetivos institucionales como: ejecuci\u00f3n eficiente y eficaz de los recursos p\u00fablicos, cumplimiento de leyes y regulaciones aplicables, presentaci\u00f3n de informaci\u00f3n financiera y no financiera, salvaguarda de los recursos para evitar p\u00e9rdidas, mal uso y da\u00f1o, cumplimiento de rendici\u00f3n de cuentas.<\/p>\n<\/div><\/div>[\/vc_column][\/vc_row]\n<\/section>","protected":false},"excerpt":{"rendered":"<p>[vc_row][vc_column][\/vc_column][\/vc_row]<\/p>\n","protected":false},"author":1,"featured_media":0,"parent":0,"menu_order":0,"comment_status":"closed","ping_status":"closed","template":"","meta":{"_themeisle_gutenberg_block_has_review":false,"footnotes":""},"class_list":["post-704","page","type-page","status-publish","hentry","entry","no-media"],"_links":{"self":[{"href":"https:\/\/munichiquimulilla.gob.gt\/elportal\/wp-json\/wp\/v2\/pages\/704","targetHints":{"allow":["GET"]}}],"collection":[{"href":"https:\/\/munichiquimulilla.gob.gt\/elportal\/wp-json\/wp\/v2\/pages"}],"about":[{"href":"https:\/\/munichiquimulilla.gob.gt\/elportal\/wp-json\/wp\/v2\/types\/page"}],"author":[{"embeddable":true,"href":"https:\/\/munichiquimulilla.gob.gt\/elportal\/wp-json\/wp\/v2\/users\/1"}],"replies":[{"embeddable":true,"href":"https:\/\/munichiquimulilla.gob.gt\/elportal\/wp-json\/wp\/v2\/comments?post=704"}],"version-history":[{"count":15,"href":"https:\/\/munichiquimulilla.gob.gt\/elportal\/wp-json\/wp\/v2\/pages\/704\/revisions"}],"predecessor-version":[{"id":1004,"href":"https:\/\/munichiquimulilla.gob.gt\/elportal\/wp-json\/wp\/v2\/pages\/704\/revisions\/1004"}],"wp:attachment":[{"href":"https:\/\/munichiquimulilla.gob.gt\/elportal\/wp-json\/wp\/v2\/media?parent=704"}],"curies":[{"name":"wp","href":"https:\/\/api.w.org\/{rel}","templated":true}]}}